{"id":129,"date":"2020-08-14T15:22:19","date_gmt":"2020-08-14T15:22:19","guid":{"rendered":"https:\/\/leafphysio.de\/?page_id=129"},"modified":"2024-04-22T11:35:37","modified_gmt":"2024-04-22T11:35:37","slug":"impressum","status":"publish","type":"page","link":"https:\/\/leafphysio.de\/?page_id=129","title":{"rendered":"Impressum"},"content":{"rendered":"\n<style type=\"text\/css\" data-created_by=\"avia_inline_auto\" id=\"style-css-av-kdudr0jc-a407731d3911164fcab10ca2a425cf94\">\n.avia-section.av-kdudr0jc-a407731d3911164fcab10ca2a425cf94{\nbackground-color:#a9a08e;\nbackground-image:unset;\n}\n<\/style>\n<div id='av_section_1'  class='avia-section av-kdudr0jc-a407731d3911164fcab10ca2a425cf94 main_color avia-section-default avia-no-border-styling  avia-builder-el-0  el_before_av_section  avia-builder-el-first  avia-bg-style-scroll container_wrap fullsize'  ><div class='container av-section-cont-open' ><main  role=\"main\" itemprop=\"mainContentOfPage\"  class='template-page content  av-content-full alpha units'><div class='post-entry post-entry-type-page post-entry-129'><div class='entry-content-wrapper clearfix'>\n\n<style type=\"text\/css\" data-created_by=\"avia_inline_auto\" id=\"style-css-av-aahah-4c74720d141a45164c17f45d53a00355\">\n#top .av-special-heading.av-aahah-4c74720d141a45164c17f45d53a00355{\nmargin:0 0 30px 0;\npadding-bottom:10px;\n}\nbody .av-special-heading.av-aahah-4c74720d141a45164c17f45d53a00355 .av-special-heading-tag .heading-char{\nfont-size:25px;\n}\n.av-special-heading.av-aahah-4c74720d141a45164c17f45d53a00355 .av-subheading{\nfont-size:15px;\n}\n<\/style>\n<div  class='av-special-heading av-aahah-4c74720d141a45164c17f45d53a00355 av-special-heading-h3 blockquote modern-quote modern-centered  avia-builder-el-1  el_before_av_hr  avia-builder-el-first '><h3 class='av-special-heading-tag '  itemprop=\"headline\"  >\u2013 IMPRESSUM \u2013<\/h3><div class=\"special-heading-border\"><div class=\"special-heading-inner-border\"><\/div><\/div><\/div>\n\n<style type=\"text\/css\" data-created_by=\"avia_inline_auto\" id=\"style-css-av-kduef0i9-c137968f721cceac11958eb3a57ab4a0\">\n#top .hr.hr-invisible.av-kduef0i9-c137968f721cceac11958eb3a57ab4a0{\nheight:50px;\n}\n<\/style>\n<div  class='hr av-kduef0i9-c137968f721cceac11958eb3a57ab4a0 hr-invisible  avia-builder-el-2  el_after_av_heading  el_before_av_textblock '><span class='hr-inner '><span class=\"hr-inner-style\"><\/span><\/span><\/div>\n\n<style type=\"text\/css\" data-created_by=\"avia_inline_auto\" id=\"style-css-av-kdudoh0t-7c2d1ae4b6fdba7fd1b951ea3e1b840b\">\n#top .av_textblock_section.av-kdudoh0t-7c2d1ae4b6fdba7fd1b951ea3e1b840b .avia_textblock{\ncolor:#192b3f;\n}\n<\/style>\n<section  class='av_textblock_section av-kdudoh0t-7c2d1ae4b6fdba7fd1b951ea3e1b840b '   itemscope=\"itemscope\" itemtype=\"https:\/\/schema.org\/CreativeWork\" ><div class='avia_textblock av_inherit_color'  itemprop=\"text\" ><p><strong>LEAF PHYSIOTHERAPIE<\/strong><\/p>\n<p>K1 Jena \u2013 Lobeda Ost<br \/>\nKastanienstra\u00dfe 1<br \/>\n07747 Jena<br \/>\nGermany<\/p>\n<p>P: +49 (0)3641 222 70 94<br \/>\nM: info@leafphysio.de<br \/>\nW: www. leafphysio.de<\/p>\n<p>Gesch\u00e4ftsf\u00fchrer: Sophia Furcht<br \/>\nSteuernummer: 162\/545\/19549<br \/>\nUSt-ID: DE<\/p>\n<p>Sie erreichen uns unter der Telefonnummer +49 (0)3641 222 70 94 sowie per Email unter info@leafphysio.de. F\u00fcr Anfragen k\u00f6nnen Sie auch das Kontaktformular auf unserer Internetseite nutzen.<\/p>\n<p><strong>HINWEISE ZUR HAFTUNG<\/strong><br \/>\nBei direkten oder indirekten Verweisen auf fremde Webseiten (\u201eHyperlinks\u201c), die au\u00dferhalb des Verantwortungsbereiches des Autors liegen, w\u00fcrde eine Haftungsverpflichtung ausschlie\u00dflich in dem Fall in Kraft treten, in dem der Autor von den Inhalten Kenntnis hat und es ihm technisch m\u00f6glich und zumutbar w\u00e4re, die Nutzung im Falle rechtswidriger Inhalte zu verhindern. Der Autor erkl\u00e4rt hiermit ausdr\u00fccklich, dass zum Zeitpunkt der Linksetzung keine illegalen Inhalte auf den zu verlinkenden Seiten erkennbar waren. Auf die aktuelle und zuk\u00fcnftige Gestaltung, die Inhalte oder die Urheberschaft der verlinkten\/verkn\u00fcpften Seiten hat der Autor keinerlei Einfluss. Deshalb distanziert er sich hiermit ausdr\u00fccklich von allen Inhalten aller verlinkten \/verkn\u00fcpften Seiten, die nach der Linksetzung ver\u00e4ndert wurden. Diese Feststellung gilt f\u00fcr alle innerhalb des eigenen Internetangebotes gesetzten Links und Verweise sowie f\u00fcr Fremdeintr\u00e4ge in vom Autor eingerichteten G\u00e4steb\u00fcchern, Diskussionsforen, Linkverzeichnissen, Mailinglisten und in allen anderen Formen von Datenbanken, auf deren Inhalt externe Schreibzugriffe m\u00f6glich sind. F\u00fcr illegale, fehlerhafte oder unvollst\u00e4ndige Inhalte und insbesondere f\u00fcr Sch\u00e4den, die aus der Nutzung oder Nichtnutzung solcherart dargebotener Informationen entstehen, haftet allein der Anbieter der Seite, auf welche verwiesen wurde, nicht derjenige, der \u00fcber Links auf die jeweilige Ver\u00f6ffentlichung lediglich verweist.<\/p>\n<p><strong>URHEBER- UND KENNZEICHENRECHT<\/strong><br \/>\nDer Autor ist bestrebt, in allen Publikationen die Urheberrechte der verwendeten Bilder, Grafiken, Tondokumente, Videosequenzen und Texte zu beachten, von ihm selbst erstellte Bilder, Grafiken, Tondokumente, Videosequenzen und Texte zu nutzen oder auf lizenzfreie Grafiken, Tondokumente, Videosequenzen und Texte zur\u00fcckzugreifen. Alle innerhalb des Internetangebotes genannten und ggf. durch Dritte gesch\u00fctzten Marken- und Warenzeichen unterliegen uneingeschr\u00e4nkt den Bestimmungen des jeweils g\u00fcltigen Kennzeichenrechts und den Besitzrechten der jeweiligen eingetragenen Eigent\u00fcmer. Allein aufgrund der blo\u00dfen Nennung ist nicht der Schluss zu ziehen, dass Markenzeichen nicht durch Rechte Dritter gesch\u00fctzt sind! Das Copyright f\u00fcr ver\u00f6ffentlichte, vom Autor selbst erstellte Objekte bleibt allein beim Autor der Seiten. Eine Vervielf\u00e4ltigung oder Verwendung solcher Grafiken, Tondokumente, Videosequenzen und Texte in anderen elektronischen oder gedruckten Publikationen ist ohne ausdr\u00fcckliche Zustimmung des Autors nicht gestattet.<br \/>\nF\u00fcr weitere Informationen lesen Sie unseren Datenschutz.<br \/>\nInhaltlich verantwortlich gem\u00e4\u00df \u00a7 5 TMG ist LEAF PHYSIOTHERAPIE\u00a0 &#8211; Sophia Furcht, Kontaktdaten siehe oben.<\/p>\n<\/div><\/section>\n\n<\/div><\/div><\/main><!-- close content main element --><\/div><\/div>\n<style type=\"text\/css\" data-created_by=\"avia_inline_auto\" id=\"style-css-av-kdudr0jc-eba20412231dc6097cb97a3db5c40c37\">\n.avia-section.av-kdudr0jc-eba20412231dc6097cb97a3db5c40c37{\nbackground-color:#a9a08e;\nbackground-image:unset;\n}\n<\/style>\n<div id='datenschutz'  class='avia-section av-kdudr0jc-eba20412231dc6097cb97a3db5c40c37 main_color avia-section-default avia-no-border-styling  avia-builder-el-4  el_after_av_section  avia-builder-el-last  avia-bg-style-scroll container_wrap fullsize'  ><div class='container av-section-cont-open' ><div class='template-page content  av-content-full alpha units'><div class='post-entry post-entry-type-page post-entry-129'><div class='entry-content-wrapper clearfix'>\n\n<style type=\"text\/css\" data-created_by=\"avia_inline_auto\" id=\"style-css-av-bn4u1-3f94b0cef79d6a1d5401d1d406eee221\">\n#top .av-special-heading.av-bn4u1-3f94b0cef79d6a1d5401d1d406eee221{\npadding-bottom:10px;\n}\nbody .av-special-heading.av-bn4u1-3f94b0cef79d6a1d5401d1d406eee221 .av-special-heading-tag .heading-char{\nfont-size:25px;\n}\n.av-special-heading.av-bn4u1-3f94b0cef79d6a1d5401d1d406eee221 .av-subheading{\nfont-size:15px;\n}\n<\/style>\n<div  class='av-special-heading av-bn4u1-3f94b0cef79d6a1d5401d1d406eee221 av-special-heading-h3 blockquote modern-quote modern-centered  avia-builder-el-5  el_before_av_hr  avia-builder-el-first '><h3 class='av-special-heading-tag '  itemprop=\"headline\"  >\u2013 DATENSCHUTZ \u2013<\/h3><div class=\"special-heading-border\"><div class=\"special-heading-inner-border\"><\/div><\/div><\/div>\n\n<style type=\"text\/css\" data-created_by=\"avia_inline_auto\" id=\"style-css-av-kduef0i9-c137968f721cceac11958eb3a57ab4a0\">\n#top .hr.hr-invisible.av-kduef0i9-c137968f721cceac11958eb3a57ab4a0{\nheight:50px;\n}\n<\/style>\n<div  class='hr av-kduef0i9-c137968f721cceac11958eb3a57ab4a0 hr-invisible  avia-builder-el-6  el_after_av_heading  el_before_av_textblock '><span class='hr-inner '><span class=\"hr-inner-style\"><\/span><\/span><\/div>\n\n<style type=\"text\/css\" data-created_by=\"avia_inline_auto\" id=\"style-css-av-kdudoh0t-1c4358ff7a9435f8e52ef97428407e91\">\n#top .av_textblock_section.av-kdudoh0t-1c4358ff7a9435f8e52ef97428407e91 .avia_textblock{\ncolor:#192b3f;\n}\n<\/style>\n<section  class='av_textblock_section av-kdudoh0t-1c4358ff7a9435f8e52ef97428407e91 '   itemscope=\"itemscope\" itemtype=\"https:\/\/schema.org\/CreativeWork\" ><div class='avia_textblock av_inherit_color'  itemprop=\"text\" ><p><strong>DATENSCHUTZ \/ DSGVO<br \/>\n<\/strong><br \/>\nDer Schutz Ihrer personenbezogenen Daten bei der Erhebung, Verarbeitung und Nutzung anl\u00e4sslich Ihres Besuchs auf unserer Homepage ist uns ein wichtiges Anliegen. Ihre Daten werden im Rahmen der gesetzlichen Vorschriften gesch\u00fctzt. Nachfolgend finden Sie Informationen, welche Daten w\u00e4hrend Ihres Besuchs auf der Homepage erfasst und wie diese genutzt werden.<\/p>\n<p><strong>Verantwortlicher im Sinne der DSGVO ist:<\/strong><\/p>\n<p>Sophia Tiegel<br \/>\nK1 \u2013 Lobeda Ost<\/p>\n<p>Kastanienstra\u00dfe 1<br \/>\n07747 Jena<br \/>\nGermany<\/p>\n<p>P: +49 (0)3641 222 70 94<br \/>\nM: info@leafphysio.de<br \/>\nW: www. leafphysio.de<\/p>\n<p><strong>Verantwortlicher:<\/strong><br \/>\nWir haben eine(n) Datenschutzbeauftragte(n) bestellt. Diese(n) erreichen Sie wie folgt: info@leafphysio.de<\/p>\n<p><strong>Allgemeine Informationen<\/strong><\/p>\n<p>Beim Besuch unser Webseite erhebt der Anbieter dieser Plattform (beziehungsweise sein Webspace-Provider) Daten \u00fcber jeden Zugriff auf das Angebot. Zu diesen Zugriffsdaten geh\u00f6ren:<\/p>\n<p>&#8211; der Name der abgerufenen Webseite,<br \/>\n&#8211; IP-Adresse des anfragenden Rechners,<br \/>\n&#8211; das Datum und die Uhrzeit des Abrufs,<br \/>\n&#8211; die \u00fcbertragene Datenmenge<br \/>\n&#8211; den Browsertyp und die Version des Browsers<br \/>\n&#8211; das vom Nutzer verwendete Betriebssystem,<br \/>\n&#8211; die Webseite von der aus der Nutzer diesen Internetauftritt besucht (Referrer URL),<br \/>\n&#8211; die IP-Adresse des anfragenden Rechners<br \/>\n&#8211; der anfragende Provider<\/p>\n<p>Die Rechtsgrundlage f\u00fcr die Datenverarbeitung ist Art. 6 Abs. 1 S. 1 lit. f DSGVO. Das berechtigte Interesse des Anbieters folgt aus oben aufgelisteten Zwecken zur Datenerhebung. Die Daten sind anonym und werden getrennt von Ihren eventuell angegebenen personenbezogenen Daten gespeichert. R\u00fcckschl\u00fcsse auf eine bestimmte Person sind nicht m\u00f6glich.<\/p>\n<p>Eine \u00dcbermittlung Ihrer pers\u00f6nlichen Daten an Dritte erfolgt nur zu nachfolgend aufgef\u00fchrten Zweck. Eine \u00dcbermittlung aus anderen Gr\u00fcnden erfolgt nicht.<br \/>\nEine Weitergabe der pers\u00f6nlichen Daten des Nutzers an Dritte erfolgt nur, wenn:<\/p>\n<p>Der Nutzer seine ausdr\u00fcckliche Einwilligung nach Art. 6 Abs. 1 S. 1 lit. a DSGVO dazu erteilt haben die Weitergabe nach Art. 6 Abs. 1 S. 1 lit. f DSGVO zur Geltendmachung, Aus\u00fcbung oder Verteidigung von Rechtsanspr\u00fcchen erforderlich ist und kein Grund zur Annahme besteht, dass Sie ein \u00fcberwiegendes schutzw\u00fcrdiges Interesse an der Nichtweitergabe Ihrer Daten haben, f\u00fcr den Fall, dass f\u00fcr die Weitergabe nach Art. 6 Abs. 1 S. 1 lit. c DSGVO eine gesetzliche Verpflichtung besteht, sowie dies gesetzlich zul\u00e4ssig und nach Art. 6 Abs. 1 S. 1 lit. b DSGVO f\u00fcr die Abwicklung von Vertragsverh\u00e4ltnissen mit dem Nutzer erforderlich ist. Die Daten werden nach einer vordefinierten Frist automatisch gel\u00f6scht, sofern nicht die weitere Aufbewahrung zu Beweiszwecken erforderlich ist.<\/p>\n<p><strong>ERHEBUNG UND VERARBEITUNG VON DATEN<\/strong><br \/>\nJeder Zugriff auf unsere Homepage und jeder Abruf einer auf der Homepage hinterlegten Datei werden protokolliert. Die Speicherung dient internen systembezogenen und statistischen Zwecken. Protokolliert werden: Name der abgerufenen Datei, Datum und Uhrzeit des Abrufs, \u00fcbertragene Datenmenge, Webbrowser und anfragende Domain. Zus\u00e4tzlich werden die IP-Adressen der anfragenden Rechner festgehalten. Weitergehende personenbezogene Daten werden nur erfasst, wenn Sie diese Angaben freiwillig, etwa im Rahmen einer Anfrage oder Registrierung, t\u00e4tigen.<\/p>\n<p><strong>NUTZUNG UND WEITERGABE PERSONENBEZOGENER DATEN<\/strong><br \/>\nSoweit Sie uns personenbezogene Daten zur Verf\u00fcgung gestellt haben, verwenden wir diese nur zur Beantwortung Ihrer Anfragen, zur Abwicklung mit Ihnen geschlossener Vertr\u00e4ge und f\u00fcr die technische Administration. Ihre personenbezogenen Daten werden an Dritte nur weitergegeben oder sonst \u00fcbermittelt, wenn dies zum Zwecke der Vertragsabwicklung erforderlich ist, dies zu Abrechnungszwecken erforderlich ist oder Sie zuvor eingewilligt haben. Sie haben das Recht, eine erteilte Einwilligung mit Wirkung f\u00fcr die Zukunft jederzeit zu widerrufen. Die L\u00f6schung der gespeicherten personenbezogenen Daten erfolgt, wenn Sie Ihre Einwilligung zur Speicherung widerrufen, wenn ihre Kenntnis zur Erf\u00fcllung des mit der Speicherung verfolgten Zwecks nicht mehr erforderlich ist oder wenn ihre Speicherung aus sonstigen gesetzlichen Gr\u00fcnden unzul\u00e4ssig ist. Bitte beachten Sie jedoch, dass unsere Website Links zu Websites anderer Anbieter enthalten kann und sich diese Datenschutzerkl\u00e4rung nicht auf diese Anbieter und Webseiten erstreckt.<\/p>\n<p><strong>AUSKUNFTSRECHT<\/strong><br \/>\nAuf schriftliche Anfrage werden wir Sie gern \u00fcber die zu Ihrer Person gespeicherten Daten informieren.<\/p>\n<p><strong>NUTZUNG VON GOOGLE ANALYTICS<\/strong><br \/>\nUnsere Webseite benutzt Google Analytics, einen Webanalysedienst von Google. Google Analytics verwendet so genannte Cookies (siehe oben), die auf Ihrem Computer gespeichert werden und die eine Analyse der Benutzung der Website durch Sie erm\u00f6glichen. Die durch die Cookies erzeugten Informationen \u00fcber Ihre Benutzung dieser Homepage (einschlie\u00dflich Ihrer IP-Adresse) werden an einen Server von Google in den USA \u00fcbertragen und dort gespeichert. Google wird diese Informationen benutzen, um Ihre Nutzung der Website auszuwerten, um Reports \u00fcber die Websiteaktivit\u00e4ten f\u00fcr uns zusammenzustellen und um weitere mit der Websitenutzung und der Internetnutzung verbundene Dienstleistungen zu erbringen. Auch wird Google diese Informationen gegebenenfalls an Dritte \u00fcbertragen, sofern dieses gesetzlich vorgeschrieben ist oder soweit Dritte diese Daten im Auftrag von Google verarbeiten. Google wird in keinem Fall Ihre IP-Adresse mit anderen Daten von Google in Verbindung bringen. Sie k\u00f6nnen die Installation der Cookies durch eine entsprechende Einstellung in Ihrer Browser-Software verhindern, wir weisen Sie jedoch darauf hin, dass Sie in diesem Fall gegebenenfalls nicht s\u00e4mtliche Funktionen dieser Website in vollem Umfang nutzen k\u00f6nnen. Durch die Nutzung unserer Homepage erkl\u00e4ren Sie sich mit der Bearbeitung, der \u00fcber Sie erhobenen Daten durch Google, in der zuvor beschriebenen Art und Weise und zu dem zuvor benannten Zweck, einverstanden. Sie k\u00f6nnen Google Analytics durch ein Browser-Add-on deaktivieren.<\/p>\n<\/div><\/section>\n\n","protected":false},"excerpt":{"rendered":"","protected":false},"author":1,"featured_media":0,"parent":0,"menu_order":0,"comment_status":"closed","ping_status":"closed","template":"","meta":{"footnotes":""},"class_list":["post-129","page","type-page","status-publish","hentry"],"_links":{"self":[{"href":"https:\/\/leafphysio.de\/index.php?rest_route=\/wp\/v2\/pages\/129","targetHints":{"allow":["GET"]}}],"collection":[{"href":"https:\/\/leafphysio.de\/index.php?rest_route=\/wp\/v2\/pages"}],"about":[{"href":"https:\/\/leafphysio.de\/index.php?rest_route=\/wp\/v2\/types\/page"}],"author":[{"embeddable":true,"href":"https:\/\/leafphysio.de\/index.php?rest_route=\/wp\/v2\/users\/1"}],"replies":[{"embeddable":true,"href":"https:\/\/leafphysio.de\/index.php?rest_route=%2Fwp%2Fv2%2Fcomments&post=129"}],"version-history":[{"count":12,"href":"https:\/\/leafphysio.de\/index.php?rest_route=\/wp\/v2\/pages\/129\/revisions"}],"predecessor-version":[{"id":231,"href":"https:\/\/leafphysio.de\/index.php?rest_route=\/wp\/v2\/pages\/129\/revisions\/231"}],"wp:attachment":[{"href":"https:\/\/leafphysio.de\/index.php?rest_route=%2Fwp%2Fv2%2Fmedia&parent=129"}],"curies":[{"name":"wp","href":"https:\/\/api.w.org\/{rel}","templated":true}]}}